{"id":88,"date":"2020-05-07T12:14:57","date_gmt":"2020-05-07T10:14:57","guid":{"rendered":"http:\/\/tg-duehren.de\/?page_id=88"},"modified":"2026-05-10T13:01:09","modified_gmt":"2026-05-10T11:01:09","slug":"unser-verein-short-facts","status":"publish","type":"page","link":"https:\/\/tg-duehren.de\/?page_id=88","title":{"rendered":"Short Facts"},"content":{"rendered":"\n<h2 class=\"wp-block-heading\"><strong>Short Facts<\/strong><\/h2>\n\n\n\n<figure class=\"wp-block-table\"><table><tbody><tr><td>Gegr\u00fcndet:<\/td><td>1979<\/td><\/tr><tr><td>Mitglieder Gesamt:<\/td><td>ca. 160<\/td><\/tr><tr><td>Anzahl der Pl\u00e4tze:<\/td><td>3 Sandpl\u00e4tze<\/td><\/tr><tr><td>Anzahl Mannschaften:<\/td><td><\/td><\/tr><tr><td>Gastspieler willkommen:<\/td><td>Ja<\/td><\/tr><tr><td>Clubhausbewirtschaftung:<\/td><td>Ja &#8211; w\u00e4hrend Heimspielen und Trainings<\/td><\/tr><tr><td>Platzreservierungen:<\/td><td><a href=\"http:\/\/platzbuchung.de\/\" target=\"_blank\" rel=\"noreferrer noopener\">platzbuchung.de<\/a><\/td><\/tr><tr><td>Adresse\/Anfahrt:<\/td><td>Seeweg 7, 74889 Sinsheim-D\u00fchren<\/td><\/tr><tr><td>Mitgliedsbeitrag:<\/td><td>Moderat und familienfreundlich<\/td><\/tr><tr><td>Trainerstunden:<\/td><td>auf Anfrage<\/td><\/tr><tr><td>Kontakt:<\/td><td>Heiko Hildenbrand +49 172 1376187<\/td><\/tr><\/tbody><\/table><\/figure>\n","protected":false},"excerpt":{"rendered":"<p>Short Facts Gegr\u00fcndet: 1979 Mitglieder Gesamt: ca. 160 Anzahl der Pl\u00e4tze: 3 Sandpl\u00e4tze Anzahl Mannschaften: Gastspieler willkommen: Ja Clubhausbewirtschaftung: Ja &#8211; w\u00e4hrend Heimspielen und Trainings Platzreservierungen: platzbuchung.de Adresse\/Anfahrt: Seeweg 7, 74889 Sinsheim-D\u00fchren Mitgliedsbeitrag: Moderat und familienfreundlich Trainerstunden: auf Anfrage Kontakt: Heiko Hildenbrand +49 172 1376187<\/p>\n","protected":false},"author":1,"featured_media":0,"parent":0,"menu_order":0,"comment_status":"closed","ping_status":"closed","template":"","meta":{"footnotes":""},"class_list":["post-88","page","type-page","status-publish","hentry"],"_links":{"self":[{"href":"https:\/\/tg-duehren.de\/index.php?rest_route=\/wp\/v2\/pages\/88","targetHints":{"allow":["GET"]}}],"collection":[{"href":"https:\/\/tg-duehren.de\/index.php?rest_route=\/wp\/v2\/pages"}],"about":[{"href":"https:\/\/tg-duehren.de\/index.php?rest_route=\/wp\/v2\/types\/page"}],"author":[{"embeddable":true,"href":"https:\/\/tg-duehren.de\/index.php?rest_route=\/wp\/v2\/users\/1"}],"replies":[{"embeddable":true,"href":"https:\/\/tg-duehren.de\/index.php?rest_route=%2Fwp%2Fv2%2Fcomments&post=88"}],"version-history":[{"count":17,"href":"https:\/\/tg-duehren.de\/index.php?rest_route=\/wp\/v2\/pages\/88\/revisions"}],"predecessor-version":[{"id":411,"href":"https:\/\/tg-duehren.de\/index.php?rest_route=\/wp\/v2\/pages\/88\/revisions\/411"}],"wp:attachment":[{"href":"https:\/\/tg-duehren.de\/index.php?rest_route=%2Fwp%2Fv2%2Fmedia&parent=88"}],"curies":[{"name":"wp","href":"https:\/\/api.w.org\/{rel}","templated":true}]}}