{"id":94,"date":"2020-05-08T14:08:27","date_gmt":"2020-05-08T12:08:27","guid":{"rendered":"http:\/\/tg-duehren.de\/?page_id=94"},"modified":"2025-10-12T10:20:10","modified_gmt":"2025-10-12T08:20:10","slug":"training-und-kindertraining","status":"publish","type":"page","link":"http:\/\/tg-duehren.de\/?page_id=94","title":{"rendered":"Training und Kindertraining"},"content":{"rendered":"\n<p><strong>\u201eTennis ist ein wunderbarer Sport: Er ist Wettkampf, Spiel, macht fit und Spa\u00df \u2013 ganz gleich, wie alt oder sportlich man ist. \u201c <\/strong><br>Dr. Karl-Georg Altenburg (ehemaliger Pr\u00e4sident des Deutschen Tennisbundes)<\/p>\n\n\n\n<p>Bei Kindern ist uns sehr wichtig, dass die von klein auf Spa\u00df haben und mit einfachen \u00dcbungen ihre Technik nach und nach perfektionieren.<\/p>\n\n\n\n<p><\/p>\n\n\n\n<p>Beim Erwachsenentraining konzentrieren wir uns haupts\u00e4chlich auf das Erlernen bzw. Verbessern der Technik. Heute gibt es im Tennissport in allen Altersklassen sowohl Anf\u00e4nger als auch jene, die bereits super spielen, aber sich weiterhin verbessern wollen.<\/p>\n\n\n\n<p>Egal, wer bei uns spielt, er wird durch gut ausgebildete Trainer betreut. <\/p>\n\n\n\n<p>F\u00fcr n\u00e4here Infos oder <strong>Anmeldungen zum Kindertraining<\/strong>, sende uns eine E-Mail an <a href=\"mailto:info@tg-duehren.de\">info@tg-duehren.de<\/a> oder ruf einfach direkt bei unserer Jugendwartin Martina Ziegler (+49  1578 2369878) an. Sie wird sich um deine Angelegenheiten k\u00fcmmern.<\/p>\n\n\n\n<p>Auch\u00a0<strong>Trainerstunden f\u00fcr Erwachsene\u00a0<\/strong>k\u00f6nnen gebucht werden, dazu sende uns eine E-Mail an unserem Sportwart Andi Arnold (sportwart@tg-duehren.de).<\/p>\n","protected":false},"excerpt":{"rendered":"<p>\u201eTennis ist ein wunderbarer Sport: Er ist Wettkampf, Spiel, macht fit und Spa\u00df \u2013 ganz gleich, wie alt oder sportlich man ist. \u201c Dr. Karl-Georg Altenburg (ehemaliger Pr\u00e4sident des Deutschen Tennisbundes) Bei Kindern ist uns sehr wichtig, dass die von klein auf Spa\u00df haben und mit einfachen \u00dcbungen ihre Technik nach und nach perfektionieren. Beim &hellip; <\/p>\n<p class=\"link-more\"><a href=\"http:\/\/tg-duehren.de\/?page_id=94\" class=\"more-link\"><span class=\"screen-reader-text\">\u201eTraining und Kindertraining\u201c<\/span> weiterlesen<\/a><\/p>\n","protected":false},"author":1,"featured_media":0,"parent":0,"menu_order":0,"comment_status":"closed","ping_status":"closed","template":"","meta":{"footnotes":""},"class_list":["post-94","page","type-page","status-publish","hentry"],"_links":{"self":[{"href":"http:\/\/tg-duehren.de\/index.php?rest_route=\/wp\/v2\/pages\/94"}],"collection":[{"href":"http:\/\/tg-duehren.de\/index.php?rest_route=\/wp\/v2\/pages"}],"about":[{"href":"http:\/\/tg-duehren.de\/index.php?rest_route=\/wp\/v2\/types\/page"}],"author":[{"embeddable":true,"href":"http:\/\/tg-duehren.de\/index.php?rest_route=\/wp\/v2\/users\/1"}],"replies":[{"embeddable":true,"href":"http:\/\/tg-duehren.de\/index.php?rest_route=%2Fwp%2Fv2%2Fcomments&post=94"}],"version-history":[{"count":14,"href":"http:\/\/tg-duehren.de\/index.php?rest_route=\/wp\/v2\/pages\/94\/revisions"}],"predecessor-version":[{"id":403,"href":"http:\/\/tg-duehren.de\/index.php?rest_route=\/wp\/v2\/pages\/94\/revisions\/403"}],"wp:attachment":[{"href":"http:\/\/tg-duehren.de\/index.php?rest_route=%2Fwp%2Fv2%2Fmedia&parent=94"}],"curies":[{"name":"wp","href":"https:\/\/api.w.org\/{rel}","templated":true}]}}