{"id":92,"date":"2020-05-07T12:47:43","date_gmt":"2020-05-07T10:47:43","guid":{"rendered":"http:\/\/tg-duehren.de\/?page_id=92"},"modified":"2025-10-12T10:17:23","modified_gmt":"2025-10-12T08:17:23","slug":"vorstand","status":"publish","type":"page","link":"http:\/\/tg-duehren.de\/?page_id=92","title":{"rendered":"Vorstand"},"content":{"rendered":"\n<figure class=\"wp-block-table\"><table><tbody><tr><td>1. Vorstand:<\/td><td>Heiko Hildenbrand<\/td><\/tr><tr><td>2. Vorstand:<\/td><td> Matthias Schmitt<\/td><\/tr><tr><td>Kassier:<\/td><td>Andreas Stiller<\/td><\/tr><tr><td>Schriftf\u00fchrer:<\/td><td>Marvin Bauer<\/td><\/tr><tr><td>Sportwart:<\/td><td>Andreas Arnold<\/td><\/tr><tr><td>Jugendwart:<\/td><td>Martina Ziegler<\/td><\/tr><tr><td>Kassenpr\u00fcfer:<\/td><td>Bj\u00f6rn Hildenbrand<\/td><\/tr><tr><td>Festausschuss:<\/td><td>Alexander Betz, Marvin Bauer<\/td><\/tr><\/tbody><\/table><\/figure>\n\n\n\n<figure class=\"wp-block-image size-large\"><img loading=\"lazy\" decoding=\"async\" width=\"1024\" height=\"683\" src=\"http:\/\/tg-duehren.de\/wp-content\/uploads\/2023\/01\/75_lenagraphy_TGDu\u0308hren_03.09.20-1024x683.jpg\" alt=\"\" class=\"wp-image-291\" srcset=\"http:\/\/tg-duehren.de\/wp-content\/uploads\/2023\/01\/75_lenagraphy_TGDu\u0308hren_03.09.20-1024x683.jpg 1024w, http:\/\/tg-duehren.de\/wp-content\/uploads\/2023\/01\/75_lenagraphy_TGDu\u0308hren_03.09.20-300x200.jpg 300w, http:\/\/tg-duehren.de\/wp-content\/uploads\/2023\/01\/75_lenagraphy_TGDu\u0308hren_03.09.20-768x512.jpg 768w, http:\/\/tg-duehren.de\/wp-content\/uploads\/2023\/01\/75_lenagraphy_TGDu\u0308hren_03.09.20-1536x1024.jpg 1536w, http:\/\/tg-duehren.de\/wp-content\/uploads\/2023\/01\/75_lenagraphy_TGDu\u0308hren_03.09.20-2048x1365.jpg 2048w\" sizes=\"(max-width: 767px) 89vw, (max-width: 1000px) 54vw, (max-width: 1071px) 543px, 580px\" \/><figcaption class=\"wp-element-caption\">Heiko, Susanne (nicht mehr in der Vorstandschaft), Andreas St, Andreas A, Jens (nicht mehr in der Vorstandschaft), Alexander, Matthias &#8211; Martina und Marvin fehlen hier &#8211; ein neues Foto wird gemacht<\/figcaption><\/figure>\n","protected":false},"excerpt":{"rendered":"<p>1. Vorstand: Heiko Hildenbrand 2. Vorstand: Matthias Schmitt Kassier: Andreas Stiller Schriftf\u00fchrer: Marvin Bauer Sportwart: Andreas Arnold Jugendwart: Martina Ziegler Kassenpr\u00fcfer: Bj\u00f6rn Hildenbrand Festausschuss: Alexander Betz, Marvin Bauer<\/p>\n","protected":false},"author":1,"featured_media":0,"parent":0,"menu_order":0,"comment_status":"closed","ping_status":"closed","template":"","meta":{"footnotes":""},"class_list":["post-92","page","type-page","status-publish","hentry"],"_links":{"self":[{"href":"http:\/\/tg-duehren.de\/index.php?rest_route=\/wp\/v2\/pages\/92"}],"collection":[{"href":"http:\/\/tg-duehren.de\/index.php?rest_route=\/wp\/v2\/pages"}],"about":[{"href":"http:\/\/tg-duehren.de\/index.php?rest_route=\/wp\/v2\/types\/page"}],"author":[{"embeddable":true,"href":"http:\/\/tg-duehren.de\/index.php?rest_route=\/wp\/v2\/users\/1"}],"replies":[{"embeddable":true,"href":"http:\/\/tg-duehren.de\/index.php?rest_route=%2Fwp%2Fv2%2Fcomments&post=92"}],"version-history":[{"count":8,"href":"http:\/\/tg-duehren.de\/index.php?rest_route=\/wp\/v2\/pages\/92\/revisions"}],"predecessor-version":[{"id":402,"href":"http:\/\/tg-duehren.de\/index.php?rest_route=\/wp\/v2\/pages\/92\/revisions\/402"}],"wp:attachment":[{"href":"http:\/\/tg-duehren.de\/index.php?rest_route=%2Fwp%2Fv2%2Fmedia&parent=92"}],"curies":[{"name":"wp","href":"https:\/\/api.w.org\/{rel}","templated":true}]}}