{"id":59,"date":"2020-05-06T15:51:38","date_gmt":"2020-05-06T13:51:38","guid":{"rendered":"http:\/\/tg-duehren.de\/?page_id=59"},"modified":"2020-05-06T15:51:38","modified_gmt":"2020-05-06T13:51:38","slug":"geschichte","status":"publish","type":"page","link":"http:\/\/tg-duehren.de\/?page_id=59","title":{"rendered":"Geschichte"},"content":{"rendered":"\n<p>Die TG D\u00fchren wurde am 18.05.1979 als gemeinn\u00fctziger Verein gegr\u00fcndet. Der Spielbetrieb wurde mit Beginn der Saison 1981 auf unserer Anlage aufgenommen. Zuvor wurde mit enormem Einsatz der Gr\u00fcndungsmitglieder die Tennisanlage und der Clubhaus-Container errichtet. 10 Jahre sp\u00e4ter wurde das neu erbaute Clubhaus eingeweiht, das komplett in Eigenregie geplant und gebaut wurde, eine enorme Leistung aller Beteiligten.<\/p>\n","protected":false},"excerpt":{"rendered":"<p>Die TG D\u00fchren wurde am 18.05.1979 als gemeinn\u00fctziger Verein gegr\u00fcndet. Der Spielbetrieb wurde mit Beginn der Saison 1981 auf unserer Anlage aufgenommen. Zuvor wurde mit enormem Einsatz der Gr\u00fcndungsmitglieder die Tennisanlage und der Clubhaus-Container errichtet. 10 Jahre sp\u00e4ter wurde das neu erbaute Clubhaus eingeweiht, das komplett in Eigenregie geplant und gebaut wurde, eine enorme Leistung &hellip; <\/p>\n<p class=\"link-more\"><a href=\"http:\/\/tg-duehren.de\/?page_id=59\" class=\"more-link\"><span class=\"screen-reader-text\">\u201eGeschichte\u201c<\/span> weiterlesen<\/a><\/p>\n","protected":false},"author":1,"featured_media":0,"parent":0,"menu_order":0,"comment_status":"closed","ping_status":"closed","template":"","meta":{"footnotes":""},"class_list":["post-59","page","type-page","status-publish","hentry"],"_links":{"self":[{"href":"http:\/\/tg-duehren.de\/index.php?rest_route=\/wp\/v2\/pages\/59"}],"collection":[{"href":"http:\/\/tg-duehren.de\/index.php?rest_route=\/wp\/v2\/pages"}],"about":[{"href":"http:\/\/tg-duehren.de\/index.php?rest_route=\/wp\/v2\/types\/page"}],"author":[{"embeddable":true,"href":"http:\/\/tg-duehren.de\/index.php?rest_route=\/wp\/v2\/users\/1"}],"replies":[{"embeddable":true,"href":"http:\/\/tg-duehren.de\/index.php?rest_route=%2Fwp%2Fv2%2Fcomments&post=59"}],"version-history":[{"count":1,"href":"http:\/\/tg-duehren.de\/index.php?rest_route=\/wp\/v2\/pages\/59\/revisions"}],"predecessor-version":[{"id":60,"href":"http:\/\/tg-duehren.de\/index.php?rest_route=\/wp\/v2\/pages\/59\/revisions\/60"}],"wp:attachment":[{"href":"http:\/\/tg-duehren.de\/index.php?rest_route=%2Fwp%2Fv2%2Fmedia&parent=59"}],"curies":[{"name":"wp","href":"https:\/\/api.w.org\/{rel}","templated":true}]}}